{"id":2446,"date":"2022-06-30T16:11:59","date_gmt":"2022-06-30T14:11:59","guid":{"rendered":"https:\/\/www.aterno.be\/?page_id=2446"},"modified":"2023-01-12T11:04:04","modified_gmt":"2023-01-12T10:04:04","slug":"decouvrez-le-radiateur-electrique-pour-cuisine-aterno","status":"publish","type":"page","link":"https:\/\/www.aterno.be\/fr\/decouvrez-le-radiateur-electrique-pour-cuisine-aterno\/","title":{"rendered":"D\u00e9couvrez le radiateur \u00e9lectrique pour cuisine Aterno"},"content":{"rendered":"","protected":false},"excerpt":{"rendered":"","protected":false},"author":2,"featured_media":0,"parent":0,"menu_order":0,"comment_status":"closed","ping_status":"closed","template":"","meta":{"_acf_changed":false,"footnotes":""},"class_list":["post-2446","page","type-page","status-publish","hentry"],"acf":[],"yoast_head":"<!-- This site is optimized with the Yoast SEO plugin v26.9 - https:\/\/yoast.com\/product\/yoast-seo-wordpress\/ -->\n<title>D\u00e9couvrez le radiateur \u00e9lectrique pour cuisine Aterno | Aterno<\/title>\n<meta name=\"description\" content=\"Quelles sont les caract\u00e9ristiques du radiateur \u00e9lectrique id\u00e9al pour cuisine ? D\u00e9couvrez le fonctionnement et les avantages du mod\u00e8le \u00e0 inertie Aterno.\" \/>\n<meta name=\"robots\" content=\"index, follow, max-snippet:-1, max-image-preview:large, max-video-preview:-1\" \/>\n<link rel=\"canonical\" href=\"https:\/\/www.aterno.be\/fr\/decouvrez-le-radiateur-electrique-pour-cuisine-aterno\/\" \/>\n<meta property=\"og:type\" content=\"article\" \/>\n<meta property=\"og:title\" content=\"D\u00e9couvrez le radiateur \u00e9lectrique pour cuisine Aterno | Aterno\" \/>\n<meta property=\"og:description\" content=\"Quelles sont les caract\u00e9ristiques du radiateur \u00e9lectrique id\u00e9al pour cuisine ? D\u00e9couvrez le fonctionnement et les avantages du mod\u00e8le \u00e0 inertie Aterno.\" \/>\n<meta property=\"og:url\" content=\"https:\/\/www.aterno.be\/fr\/decouvrez-le-radiateur-electrique-pour-cuisine-aterno\/\" \/>\n<meta property=\"og:site_name\" content=\"Aterno\" \/>\n<meta property=\"article:publisher\" content=\"https:\/\/www.facebook.com\/aterno.belgium\/\" \/>\n<meta property=\"article:modified_time\" content=\"2023-01-12T10:04:04+00:00\" \/>\n<meta name=\"twitter:card\" content=\"summary_large_image\" \/>\n<script type=\"application\/ld+json\" class=\"yoast-schema-graph\">{\"@context\":\"https:\/\/schema.org\",\"@graph\":[{\"@type\":\"Article\",\"@id\":\"https:\/\/www.aterno.be\/fr\/decouvrez-le-radiateur-electrique-pour-cuisine-aterno\/#article\",\"isPartOf\":{\"@id\":\"https:\/\/www.aterno.be\/fr\/decouvrez-le-radiateur-electrique-pour-cuisine-aterno\/\"},\"author\":{\"name\":\"Nicolas Marey\",\"@id\":\"https:\/\/www.aterno.be\/nl\/#\/schema\/person\/5ac260c99fb2f286a6b6daa3e4894068\"},\"headline\":\"D\u00e9couvrez le radiateur \u00e9lectrique pour cuisine Aterno\",\"datePublished\":\"2022-06-30T14:11:59+00:00\",\"dateModified\":\"2023-01-12T10:04:04+00:00\",\"mainEntityOfPage\":{\"@id\":\"https:\/\/www.aterno.be\/fr\/decouvrez-le-radiateur-electrique-pour-cuisine-aterno\/\"},\"wordCount\":8,\"publisher\":{\"@id\":\"https:\/\/www.aterno.be\/nl\/#organization\"},\"inLanguage\":\"fr-BE\"},{\"@type\":\"WebPage\",\"@id\":\"https:\/\/www.aterno.be\/fr\/decouvrez-le-radiateur-electrique-pour-cuisine-aterno\/\",\"url\":\"https:\/\/www.aterno.be\/fr\/decouvrez-le-radiateur-electrique-pour-cuisine-aterno\/\",\"name\":\"D\u00e9couvrez le radiateur \u00e9lectrique pour cuisine Aterno | Aterno\",\"isPartOf\":{\"@id\":\"https:\/\/www.aterno.be\/nl\/#website\"},\"datePublished\":\"2022-06-30T14:11:59+00:00\",\"dateModified\":\"2023-01-12T10:04:04+00:00\",\"description\":\"Quelles sont les caract\u00e9ristiques du radiateur \u00e9lectrique id\u00e9al pour cuisine ? D\u00e9couvrez le fonctionnement et les avantages du mod\u00e8le \u00e0 inertie Aterno.\",\"breadcrumb\":{\"@id\":\"https:\/\/www.aterno.be\/fr\/decouvrez-le-radiateur-electrique-pour-cuisine-aterno\/#breadcrumb\"},\"inLanguage\":\"fr-BE\",\"potentialAction\":[{\"@type\":\"ReadAction\",\"target\":[\"https:\/\/www.aterno.be\/fr\/decouvrez-le-radiateur-electrique-pour-cuisine-aterno\/\"]}]},{\"@type\":\"BreadcrumbList\",\"@id\":\"https:\/\/www.aterno.be\/fr\/decouvrez-le-radiateur-electrique-pour-cuisine-aterno\/#breadcrumb\",\"itemListElement\":[{\"@type\":\"ListItem\",\"position\":1,\"name\":\"Home\",\"item\":\"https:\/\/www.aterno.be\/fr\/\"},{\"@type\":\"ListItem\",\"position\":2,\"name\":\"D\u00e9couvrez le radiateur \u00e9lectrique pour cuisine Aterno\"}]},{\"@type\":\"WebSite\",\"@id\":\"https:\/\/www.aterno.be\/nl\/#website\",\"url\":\"https:\/\/www.aterno.be\/nl\/\",\"name\":\"Aterno Belgium\",\"description\":\"\",\"publisher\":{\"@id\":\"https:\/\/www.aterno.be\/nl\/#organization\"},\"alternateName\":\"Aterno\",\"potentialAction\":[{\"@type\":\"SearchAction\",\"target\":{\"@type\":\"EntryPoint\",\"urlTemplate\":\"https:\/\/www.aterno.be\/nl\/?s={search_term_string}\"},\"query-input\":{\"@type\":\"PropertyValueSpecification\",\"valueRequired\":true,\"valueName\":\"search_term_string\"}}],\"inLanguage\":\"fr-BE\"},{\"@type\":\"Organization\",\"@id\":\"https:\/\/www.aterno.be\/nl\/#organization\",\"name\":\"Aterno Belgium\",\"alternateName\":\"Aterno\",\"url\":\"https:\/\/www.aterno.be\/nl\/\",\"logo\":{\"@type\":\"ImageObject\",\"inLanguage\":\"fr-BE\",\"@id\":\"https:\/\/www.aterno.be\/nl\/#\/schema\/logo\/image\/\",\"url\":\"https:\/\/www.aterno.be\/app\/uploads\/2022\/06\/logo-aterno-2.png\",\"contentUrl\":\"https:\/\/www.aterno.be\/app\/uploads\/2022\/06\/logo-aterno-2.png\",\"width\":246,\"height\":246,\"caption\":\"Aterno Belgium\"},\"image\":{\"@id\":\"https:\/\/www.aterno.be\/nl\/#\/schema\/logo\/image\/\"},\"sameAs\":[\"https:\/\/www.facebook.com\/aterno.belgium\/\",\"https:\/\/www.linkedin.com\/company\/aterno\/\"]},{\"@type\":\"Person\",\"@id\":\"https:\/\/www.aterno.be\/nl\/#\/schema\/person\/5ac260c99fb2f286a6b6daa3e4894068\",\"name\":\"Nicolas Marey\",\"image\":{\"@type\":\"ImageObject\",\"inLanguage\":\"fr-BE\",\"@id\":\"https:\/\/www.aterno.be\/nl\/#\/schema\/person\/image\/\",\"url\":\"https:\/\/secure.gravatar.com\/avatar\/8fb51a00ab0cef6bc7628d6a38bf02be185e6ef58cff45802ddb9c495f9a5bb7?s=96&d=mm&r=g\",\"contentUrl\":\"https:\/\/secure.gravatar.com\/avatar\/8fb51a00ab0cef6bc7628d6a38bf02be185e6ef58cff45802ddb9c495f9a5bb7?s=96&d=mm&r=g\",\"caption\":\"Nicolas Marey\"}}]}<\/script>\n<!-- \/ Yoast SEO plugin. -->","yoast_head_json":{"title":"D\u00e9couvrez le radiateur \u00e9lectrique pour cuisine Aterno | Aterno","description":"Quelles sont les caract\u00e9ristiques du radiateur \u00e9lectrique id\u00e9al pour cuisine ? D\u00e9couvrez le fonctionnement et les avantages du mod\u00e8le \u00e0 inertie Aterno.","robots":{"index":"index","follow":"follow","max-snippet":"max-snippet:-1","max-image-preview":"max-image-preview:large","max-video-preview":"max-video-preview:-1"},"canonical":"https:\/\/www.aterno.be\/fr\/decouvrez-le-radiateur-electrique-pour-cuisine-aterno\/","og_type":"article","og_title":"D\u00e9couvrez le radiateur \u00e9lectrique pour cuisine Aterno | Aterno","og_description":"Quelles sont les caract\u00e9ristiques du radiateur \u00e9lectrique id\u00e9al pour cuisine ? D\u00e9couvrez le fonctionnement et les avantages du mod\u00e8le \u00e0 inertie Aterno.","og_url":"https:\/\/www.aterno.be\/fr\/decouvrez-le-radiateur-electrique-pour-cuisine-aterno\/","og_site_name":"Aterno","article_publisher":"https:\/\/www.facebook.com\/aterno.belgium\/","article_modified_time":"2023-01-12T10:04:04+00:00","twitter_card":"summary_large_image","schema":{"@context":"https:\/\/schema.org","@graph":[{"@type":"Article","@id":"https:\/\/www.aterno.be\/fr\/decouvrez-le-radiateur-electrique-pour-cuisine-aterno\/#article","isPartOf":{"@id":"https:\/\/www.aterno.be\/fr\/decouvrez-le-radiateur-electrique-pour-cuisine-aterno\/"},"author":{"name":"Nicolas Marey","@id":"https:\/\/www.aterno.be\/nl\/#\/schema\/person\/5ac260c99fb2f286a6b6daa3e4894068"},"headline":"D\u00e9couvrez le radiateur \u00e9lectrique pour cuisine Aterno","datePublished":"2022-06-30T14:11:59+00:00","dateModified":"2023-01-12T10:04:04+00:00","mainEntityOfPage":{"@id":"https:\/\/www.aterno.be\/fr\/decouvrez-le-radiateur-electrique-pour-cuisine-aterno\/"},"wordCount":8,"publisher":{"@id":"https:\/\/www.aterno.be\/nl\/#organization"},"inLanguage":"fr-BE"},{"@type":"WebPage","@id":"https:\/\/www.aterno.be\/fr\/decouvrez-le-radiateur-electrique-pour-cuisine-aterno\/","url":"https:\/\/www.aterno.be\/fr\/decouvrez-le-radiateur-electrique-pour-cuisine-aterno\/","name":"D\u00e9couvrez le radiateur \u00e9lectrique pour cuisine Aterno | Aterno","isPartOf":{"@id":"https:\/\/www.aterno.be\/nl\/#website"},"datePublished":"2022-06-30T14:11:59+00:00","dateModified":"2023-01-12T10:04:04+00:00","description":"Quelles sont les caract\u00e9ristiques du radiateur \u00e9lectrique id\u00e9al pour cuisine ? D\u00e9couvrez le fonctionnement et les avantages du mod\u00e8le \u00e0 inertie Aterno.","breadcrumb":{"@id":"https:\/\/www.aterno.be\/fr\/decouvrez-le-radiateur-electrique-pour-cuisine-aterno\/#breadcrumb"},"inLanguage":"fr-BE","potentialAction":[{"@type":"ReadAction","target":["https:\/\/www.aterno.be\/fr\/decouvrez-le-radiateur-electrique-pour-cuisine-aterno\/"]}]},{"@type":"BreadcrumbList","@id":"https:\/\/www.aterno.be\/fr\/decouvrez-le-radiateur-electrique-pour-cuisine-aterno\/#breadcrumb","itemListElement":[{"@type":"ListItem","position":1,"name":"Home","item":"https:\/\/www.aterno.be\/fr\/"},{"@type":"ListItem","position":2,"name":"D\u00e9couvrez le radiateur \u00e9lectrique pour cuisine Aterno"}]},{"@type":"WebSite","@id":"https:\/\/www.aterno.be\/nl\/#website","url":"https:\/\/www.aterno.be\/nl\/","name":"Aterno Belgium","description":"","publisher":{"@id":"https:\/\/www.aterno.be\/nl\/#organization"},"alternateName":"Aterno","potentialAction":[{"@type":"SearchAction","target":{"@type":"EntryPoint","urlTemplate":"https:\/\/www.aterno.be\/nl\/?s={search_term_string}"},"query-input":{"@type":"PropertyValueSpecification","valueRequired":true,"valueName":"search_term_string"}}],"inLanguage":"fr-BE"},{"@type":"Organization","@id":"https:\/\/www.aterno.be\/nl\/#organization","name":"Aterno Belgium","alternateName":"Aterno","url":"https:\/\/www.aterno.be\/nl\/","logo":{"@type":"ImageObject","inLanguage":"fr-BE","@id":"https:\/\/www.aterno.be\/nl\/#\/schema\/logo\/image\/","url":"https:\/\/www.aterno.be\/app\/uploads\/2022\/06\/logo-aterno-2.png","contentUrl":"https:\/\/www.aterno.be\/app\/uploads\/2022\/06\/logo-aterno-2.png","width":246,"height":246,"caption":"Aterno Belgium"},"image":{"@id":"https:\/\/www.aterno.be\/nl\/#\/schema\/logo\/image\/"},"sameAs":["https:\/\/www.facebook.com\/aterno.belgium\/","https:\/\/www.linkedin.com\/company\/aterno\/"]},{"@type":"Person","@id":"https:\/\/www.aterno.be\/nl\/#\/schema\/person\/5ac260c99fb2f286a6b6daa3e4894068","name":"Nicolas Marey","image":{"@type":"ImageObject","inLanguage":"fr-BE","@id":"https:\/\/www.aterno.be\/nl\/#\/schema\/person\/image\/","url":"https:\/\/secure.gravatar.com\/avatar\/8fb51a00ab0cef6bc7628d6a38bf02be185e6ef58cff45802ddb9c495f9a5bb7?s=96&d=mm&r=g","contentUrl":"https:\/\/secure.gravatar.com\/avatar\/8fb51a00ab0cef6bc7628d6a38bf02be185e6ef58cff45802ddb9c495f9a5bb7?s=96&d=mm&r=g","caption":"Nicolas Marey"}}]}},"_links":{"self":[{"href":"https:\/\/www.aterno.be\/fr\/wp-json\/wp\/v2\/pages\/2446","targetHints":{"allow":["GET"]}}],"collection":[{"href":"https:\/\/www.aterno.be\/fr\/wp-json\/wp\/v2\/pages"}],"about":[{"href":"https:\/\/www.aterno.be\/fr\/wp-json\/wp\/v2\/types\/page"}],"author":[{"embeddable":true,"href":"https:\/\/www.aterno.be\/fr\/wp-json\/wp\/v2\/users\/2"}],"replies":[{"embeddable":true,"href":"https:\/\/www.aterno.be\/fr\/wp-json\/wp\/v2\/comments?post=2446"}],"version-history":[{"count":9,"href":"https:\/\/www.aterno.be\/fr\/wp-json\/wp\/v2\/pages\/2446\/revisions"}],"predecessor-version":[{"id":3421,"href":"https:\/\/www.aterno.be\/fr\/wp-json\/wp\/v2\/pages\/2446\/revisions\/3421"}],"wp:attachment":[{"href":"https:\/\/www.aterno.be\/fr\/wp-json\/wp\/v2\/media?parent=2446"}],"curies":[{"name":"wp","href":"https:\/\/api.w.org\/{rel}","templated":true}]}}