{"id":2322,"date":"2022-06-29T14:44:05","date_gmt":"2022-06-29T12:44:05","guid":{"rendered":"https:\/\/www.aterno.be\/?page_id=2322"},"modified":"2023-01-12T11:19:56","modified_gmt":"2023-01-12T10:19:56","slug":"pourquoi-choisir-le-radiateur-electrique-pour-salle-de-bain-aterno","status":"publish","type":"page","link":"https:\/\/www.aterno.be\/fr\/pourquoi-choisir-le-radiateur-electrique-pour-salle-de-bain-aterno\/","title":{"rendered":"Pourquoi choisir le radiateur \u00e9lectrique pour salle de bain Aterno\u00a0?"},"content":{"rendered":"","protected":false},"excerpt":{"rendered":"","protected":false},"author":2,"featured_media":2323,"parent":0,"menu_order":0,"comment_status":"closed","ping_status":"closed","template":"","meta":{"_acf_changed":false,"footnotes":""},"class_list":["post-2322","page","type-page","status-publish","has-post-thumbnail","hentry"],"acf":[],"yoast_head":"<!-- This site is optimized with the Yoast SEO plugin v26.9 - https:\/\/yoast.com\/product\/yoast-seo-wordpress\/ -->\n<title>Pourquoi choisir le radiateur \u00e9lectrique pour salle de bain Aterno\u00a0? | Aterno<\/title>\n<meta name=\"description\" content=\"Le radiateur \u00e9lectrique pour salle de bain Aterno pr\u00e9sente toutes les qualit\u00e9s pour assurer votre confort dans cette pi\u00e8ce. D\u00e9couvrez ses caract\u00e9ristiques.\" \/>\n<meta name=\"robots\" content=\"index, follow, max-snippet:-1, max-image-preview:large, max-video-preview:-1\" \/>\n<link rel=\"canonical\" href=\"https:\/\/www.aterno.be\/fr\/pourquoi-choisir-le-radiateur-electrique-pour-salle-de-bain-aterno\/\" \/>\n<meta property=\"og:type\" content=\"article\" \/>\n<meta property=\"og:title\" content=\"Pourquoi choisir le radiateur \u00e9lectrique pour salle de bain Aterno\u00a0? | Aterno\" \/>\n<meta property=\"og:description\" content=\"Le radiateur \u00e9lectrique pour salle de bain Aterno pr\u00e9sente toutes les qualit\u00e9s pour assurer votre confort dans cette pi\u00e8ce. D\u00e9couvrez ses caract\u00e9ristiques.\" \/>\n<meta property=\"og:url\" content=\"https:\/\/www.aterno.be\/fr\/pourquoi-choisir-le-radiateur-electrique-pour-salle-de-bain-aterno\/\" \/>\n<meta property=\"og:site_name\" content=\"Aterno\" \/>\n<meta property=\"article:publisher\" content=\"https:\/\/www.facebook.com\/aterno.belgium\/\" \/>\n<meta property=\"article:modified_time\" content=\"2023-01-12T10:19:56+00:00\" \/>\n<meta property=\"og:image\" content=\"https:\/\/www.aterno.be\/app\/uploads\/2022\/06\/radiateur-electrique-salle-de-bain-aterno.jpg\" \/>\n\t<meta property=\"og:image:width\" content=\"720\" \/>\n\t<meta property=\"og:image:height\" content=\"591\" \/>\n\t<meta property=\"og:image:type\" content=\"image\/jpeg\" \/>\n<meta name=\"twitter:card\" content=\"summary_large_image\" \/>\n<script type=\"application\/ld+json\" class=\"yoast-schema-graph\">{\"@context\":\"https:\/\/schema.org\",\"@graph\":[{\"@type\":\"Article\",\"@id\":\"https:\/\/www.aterno.be\/fr\/pourquoi-choisir-le-radiateur-electrique-pour-salle-de-bain-aterno\/#article\",\"isPartOf\":{\"@id\":\"https:\/\/www.aterno.be\/fr\/pourquoi-choisir-le-radiateur-electrique-pour-salle-de-bain-aterno\/\"},\"author\":{\"name\":\"Nicolas Marey\",\"@id\":\"https:\/\/www.aterno.be\/nl\/#\/schema\/person\/5ac260c99fb2f286a6b6daa3e4894068\"},\"headline\":\"Pourquoi choisir le radiateur \u00e9lectrique pour salle de bain Aterno\u00a0?\",\"datePublished\":\"2022-06-29T12:44:05+00:00\",\"dateModified\":\"2023-01-12T10:19:56+00:00\",\"mainEntityOfPage\":{\"@id\":\"https:\/\/www.aterno.be\/fr\/pourquoi-choisir-le-radiateur-electrique-pour-salle-de-bain-aterno\/\"},\"wordCount\":10,\"publisher\":{\"@id\":\"https:\/\/www.aterno.be\/nl\/#organization\"},\"image\":{\"@id\":\"https:\/\/www.aterno.be\/fr\/pourquoi-choisir-le-radiateur-electrique-pour-salle-de-bain-aterno\/#primaryimage\"},\"thumbnailUrl\":\"https:\/\/www.aterno.be\/app\/uploads\/2022\/06\/radiateur-electrique-salle-de-bain-aterno.jpg\",\"inLanguage\":\"fr-BE\"},{\"@type\":\"WebPage\",\"@id\":\"https:\/\/www.aterno.be\/fr\/pourquoi-choisir-le-radiateur-electrique-pour-salle-de-bain-aterno\/\",\"url\":\"https:\/\/www.aterno.be\/fr\/pourquoi-choisir-le-radiateur-electrique-pour-salle-de-bain-aterno\/\",\"name\":\"Pourquoi choisir le radiateur \u00e9lectrique pour salle de bain Aterno\u00a0? | Aterno\",\"isPartOf\":{\"@id\":\"https:\/\/www.aterno.be\/nl\/#website\"},\"primaryImageOfPage\":{\"@id\":\"https:\/\/www.aterno.be\/fr\/pourquoi-choisir-le-radiateur-electrique-pour-salle-de-bain-aterno\/#primaryimage\"},\"image\":{\"@id\":\"https:\/\/www.aterno.be\/fr\/pourquoi-choisir-le-radiateur-electrique-pour-salle-de-bain-aterno\/#primaryimage\"},\"thumbnailUrl\":\"https:\/\/www.aterno.be\/app\/uploads\/2022\/06\/radiateur-electrique-salle-de-bain-aterno.jpg\",\"datePublished\":\"2022-06-29T12:44:05+00:00\",\"dateModified\":\"2023-01-12T10:19:56+00:00\",\"description\":\"Le radiateur \u00e9lectrique pour salle de bain Aterno pr\u00e9sente toutes les qualit\u00e9s pour assurer votre confort dans cette pi\u00e8ce. D\u00e9couvrez ses caract\u00e9ristiques.\",\"breadcrumb\":{\"@id\":\"https:\/\/www.aterno.be\/fr\/pourquoi-choisir-le-radiateur-electrique-pour-salle-de-bain-aterno\/#breadcrumb\"},\"inLanguage\":\"fr-BE\",\"potentialAction\":[{\"@type\":\"ReadAction\",\"target\":[\"https:\/\/www.aterno.be\/fr\/pourquoi-choisir-le-radiateur-electrique-pour-salle-de-bain-aterno\/\"]}]},{\"@type\":\"ImageObject\",\"inLanguage\":\"fr-BE\",\"@id\":\"https:\/\/www.aterno.be\/fr\/pourquoi-choisir-le-radiateur-electrique-pour-salle-de-bain-aterno\/#primaryimage\",\"url\":\"https:\/\/www.aterno.be\/app\/uploads\/2022\/06\/radiateur-electrique-salle-de-bain-aterno.jpg\",\"contentUrl\":\"https:\/\/www.aterno.be\/app\/uploads\/2022\/06\/radiateur-electrique-salle-de-bain-aterno.jpg\",\"width\":720,\"height\":591,\"caption\":\"radiateur electrique salle de bain aterno\"},{\"@type\":\"BreadcrumbList\",\"@id\":\"https:\/\/www.aterno.be\/fr\/pourquoi-choisir-le-radiateur-electrique-pour-salle-de-bain-aterno\/#breadcrumb\",\"itemListElement\":[{\"@type\":\"ListItem\",\"position\":1,\"name\":\"Home\",\"item\":\"https:\/\/www.aterno.be\/fr\/\"},{\"@type\":\"ListItem\",\"position\":2,\"name\":\"Pourquoi choisir le radiateur \u00e9lectrique pour salle de bain Aterno\u00a0?\"}]},{\"@type\":\"WebSite\",\"@id\":\"https:\/\/www.aterno.be\/nl\/#website\",\"url\":\"https:\/\/www.aterno.be\/nl\/\",\"name\":\"Aterno Belgium\",\"description\":\"\",\"publisher\":{\"@id\":\"https:\/\/www.aterno.be\/nl\/#organization\"},\"alternateName\":\"Aterno\",\"potentialAction\":[{\"@type\":\"SearchAction\",\"target\":{\"@type\":\"EntryPoint\",\"urlTemplate\":\"https:\/\/www.aterno.be\/nl\/?s={search_term_string}\"},\"query-input\":{\"@type\":\"PropertyValueSpecification\",\"valueRequired\":true,\"valueName\":\"search_term_string\"}}],\"inLanguage\":\"fr-BE\"},{\"@type\":\"Organization\",\"@id\":\"https:\/\/www.aterno.be\/nl\/#organization\",\"name\":\"Aterno Belgium\",\"alternateName\":\"Aterno\",\"url\":\"https:\/\/www.aterno.be\/nl\/\",\"logo\":{\"@type\":\"ImageObject\",\"inLanguage\":\"fr-BE\",\"@id\":\"https:\/\/www.aterno.be\/nl\/#\/schema\/logo\/image\/\",\"url\":\"https:\/\/www.aterno.be\/app\/uploads\/2022\/06\/logo-aterno-2.png\",\"contentUrl\":\"https:\/\/www.aterno.be\/app\/uploads\/2022\/06\/logo-aterno-2.png\",\"width\":246,\"height\":246,\"caption\":\"Aterno Belgium\"},\"image\":{\"@id\":\"https:\/\/www.aterno.be\/nl\/#\/schema\/logo\/image\/\"},\"sameAs\":[\"https:\/\/www.facebook.com\/aterno.belgium\/\",\"https:\/\/www.linkedin.com\/company\/aterno\/\"]},{\"@type\":\"Person\",\"@id\":\"https:\/\/www.aterno.be\/nl\/#\/schema\/person\/5ac260c99fb2f286a6b6daa3e4894068\",\"name\":\"Nicolas Marey\",\"image\":{\"@type\":\"ImageObject\",\"inLanguage\":\"fr-BE\",\"@id\":\"https:\/\/www.aterno.be\/nl\/#\/schema\/person\/image\/\",\"url\":\"https:\/\/secure.gravatar.com\/avatar\/8fb51a00ab0cef6bc7628d6a38bf02be185e6ef58cff45802ddb9c495f9a5bb7?s=96&d=mm&r=g\",\"contentUrl\":\"https:\/\/secure.gravatar.com\/avatar\/8fb51a00ab0cef6bc7628d6a38bf02be185e6ef58cff45802ddb9c495f9a5bb7?s=96&d=mm&r=g\",\"caption\":\"Nicolas Marey\"}}]}<\/script>\n<!-- \/ Yoast SEO plugin. -->","yoast_head_json":{"title":"Pourquoi choisir le radiateur \u00e9lectrique pour salle de bain Aterno\u00a0? | Aterno","description":"Le radiateur \u00e9lectrique pour salle de bain Aterno pr\u00e9sente toutes les qualit\u00e9s pour assurer votre confort dans cette pi\u00e8ce. D\u00e9couvrez ses caract\u00e9ristiques.","robots":{"index":"index","follow":"follow","max-snippet":"max-snippet:-1","max-image-preview":"max-image-preview:large","max-video-preview":"max-video-preview:-1"},"canonical":"https:\/\/www.aterno.be\/fr\/pourquoi-choisir-le-radiateur-electrique-pour-salle-de-bain-aterno\/","og_type":"article","og_title":"Pourquoi choisir le radiateur \u00e9lectrique pour salle de bain Aterno\u00a0? | Aterno","og_description":"Le radiateur \u00e9lectrique pour salle de bain Aterno pr\u00e9sente toutes les qualit\u00e9s pour assurer votre confort dans cette pi\u00e8ce. D\u00e9couvrez ses caract\u00e9ristiques.","og_url":"https:\/\/www.aterno.be\/fr\/pourquoi-choisir-le-radiateur-electrique-pour-salle-de-bain-aterno\/","og_site_name":"Aterno","article_publisher":"https:\/\/www.facebook.com\/aterno.belgium\/","article_modified_time":"2023-01-12T10:19:56+00:00","og_image":[{"width":720,"height":591,"url":"https:\/\/www.aterno.be\/app\/uploads\/2022\/06\/radiateur-electrique-salle-de-bain-aterno.jpg","type":"image\/jpeg"}],"twitter_card":"summary_large_image","schema":{"@context":"https:\/\/schema.org","@graph":[{"@type":"Article","@id":"https:\/\/www.aterno.be\/fr\/pourquoi-choisir-le-radiateur-electrique-pour-salle-de-bain-aterno\/#article","isPartOf":{"@id":"https:\/\/www.aterno.be\/fr\/pourquoi-choisir-le-radiateur-electrique-pour-salle-de-bain-aterno\/"},"author":{"name":"Nicolas Marey","@id":"https:\/\/www.aterno.be\/nl\/#\/schema\/person\/5ac260c99fb2f286a6b6daa3e4894068"},"headline":"Pourquoi choisir le radiateur \u00e9lectrique pour salle de bain Aterno\u00a0?","datePublished":"2022-06-29T12:44:05+00:00","dateModified":"2023-01-12T10:19:56+00:00","mainEntityOfPage":{"@id":"https:\/\/www.aterno.be\/fr\/pourquoi-choisir-le-radiateur-electrique-pour-salle-de-bain-aterno\/"},"wordCount":10,"publisher":{"@id":"https:\/\/www.aterno.be\/nl\/#organization"},"image":{"@id":"https:\/\/www.aterno.be\/fr\/pourquoi-choisir-le-radiateur-electrique-pour-salle-de-bain-aterno\/#primaryimage"},"thumbnailUrl":"https:\/\/www.aterno.be\/app\/uploads\/2022\/06\/radiateur-electrique-salle-de-bain-aterno.jpg","inLanguage":"fr-BE"},{"@type":"WebPage","@id":"https:\/\/www.aterno.be\/fr\/pourquoi-choisir-le-radiateur-electrique-pour-salle-de-bain-aterno\/","url":"https:\/\/www.aterno.be\/fr\/pourquoi-choisir-le-radiateur-electrique-pour-salle-de-bain-aterno\/","name":"Pourquoi choisir le radiateur \u00e9lectrique pour salle de bain Aterno\u00a0? | Aterno","isPartOf":{"@id":"https:\/\/www.aterno.be\/nl\/#website"},"primaryImageOfPage":{"@id":"https:\/\/www.aterno.be\/fr\/pourquoi-choisir-le-radiateur-electrique-pour-salle-de-bain-aterno\/#primaryimage"},"image":{"@id":"https:\/\/www.aterno.be\/fr\/pourquoi-choisir-le-radiateur-electrique-pour-salle-de-bain-aterno\/#primaryimage"},"thumbnailUrl":"https:\/\/www.aterno.be\/app\/uploads\/2022\/06\/radiateur-electrique-salle-de-bain-aterno.jpg","datePublished":"2022-06-29T12:44:05+00:00","dateModified":"2023-01-12T10:19:56+00:00","description":"Le radiateur \u00e9lectrique pour salle de bain Aterno pr\u00e9sente toutes les qualit\u00e9s pour assurer votre confort dans cette pi\u00e8ce. D\u00e9couvrez ses caract\u00e9ristiques.","breadcrumb":{"@id":"https:\/\/www.aterno.be\/fr\/pourquoi-choisir-le-radiateur-electrique-pour-salle-de-bain-aterno\/#breadcrumb"},"inLanguage":"fr-BE","potentialAction":[{"@type":"ReadAction","target":["https:\/\/www.aterno.be\/fr\/pourquoi-choisir-le-radiateur-electrique-pour-salle-de-bain-aterno\/"]}]},{"@type":"ImageObject","inLanguage":"fr-BE","@id":"https:\/\/www.aterno.be\/fr\/pourquoi-choisir-le-radiateur-electrique-pour-salle-de-bain-aterno\/#primaryimage","url":"https:\/\/www.aterno.be\/app\/uploads\/2022\/06\/radiateur-electrique-salle-de-bain-aterno.jpg","contentUrl":"https:\/\/www.aterno.be\/app\/uploads\/2022\/06\/radiateur-electrique-salle-de-bain-aterno.jpg","width":720,"height":591,"caption":"radiateur electrique salle de bain aterno"},{"@type":"BreadcrumbList","@id":"https:\/\/www.aterno.be\/fr\/pourquoi-choisir-le-radiateur-electrique-pour-salle-de-bain-aterno\/#breadcrumb","itemListElement":[{"@type":"ListItem","position":1,"name":"Home","item":"https:\/\/www.aterno.be\/fr\/"},{"@type":"ListItem","position":2,"name":"Pourquoi choisir le radiateur \u00e9lectrique pour salle de bain Aterno\u00a0?"}]},{"@type":"WebSite","@id":"https:\/\/www.aterno.be\/nl\/#website","url":"https:\/\/www.aterno.be\/nl\/","name":"Aterno Belgium","description":"","publisher":{"@id":"https:\/\/www.aterno.be\/nl\/#organization"},"alternateName":"Aterno","potentialAction":[{"@type":"SearchAction","target":{"@type":"EntryPoint","urlTemplate":"https:\/\/www.aterno.be\/nl\/?s={search_term_string}"},"query-input":{"@type":"PropertyValueSpecification","valueRequired":true,"valueName":"search_term_string"}}],"inLanguage":"fr-BE"},{"@type":"Organization","@id":"https:\/\/www.aterno.be\/nl\/#organization","name":"Aterno Belgium","alternateName":"Aterno","url":"https:\/\/www.aterno.be\/nl\/","logo":{"@type":"ImageObject","inLanguage":"fr-BE","@id":"https:\/\/www.aterno.be\/nl\/#\/schema\/logo\/image\/","url":"https:\/\/www.aterno.be\/app\/uploads\/2022\/06\/logo-aterno-2.png","contentUrl":"https:\/\/www.aterno.be\/app\/uploads\/2022\/06\/logo-aterno-2.png","width":246,"height":246,"caption":"Aterno Belgium"},"image":{"@id":"https:\/\/www.aterno.be\/nl\/#\/schema\/logo\/image\/"},"sameAs":["https:\/\/www.facebook.com\/aterno.belgium\/","https:\/\/www.linkedin.com\/company\/aterno\/"]},{"@type":"Person","@id":"https:\/\/www.aterno.be\/nl\/#\/schema\/person\/5ac260c99fb2f286a6b6daa3e4894068","name":"Nicolas Marey","image":{"@type":"ImageObject","inLanguage":"fr-BE","@id":"https:\/\/www.aterno.be\/nl\/#\/schema\/person\/image\/","url":"https:\/\/secure.gravatar.com\/avatar\/8fb51a00ab0cef6bc7628d6a38bf02be185e6ef58cff45802ddb9c495f9a5bb7?s=96&d=mm&r=g","contentUrl":"https:\/\/secure.gravatar.com\/avatar\/8fb51a00ab0cef6bc7628d6a38bf02be185e6ef58cff45802ddb9c495f9a5bb7?s=96&d=mm&r=g","caption":"Nicolas Marey"}}]}},"_links":{"self":[{"href":"https:\/\/www.aterno.be\/fr\/wp-json\/wp\/v2\/pages\/2322","targetHints":{"allow":["GET"]}}],"collection":[{"href":"https:\/\/www.aterno.be\/fr\/wp-json\/wp\/v2\/pages"}],"about":[{"href":"https:\/\/www.aterno.be\/fr\/wp-json\/wp\/v2\/types\/page"}],"author":[{"embeddable":true,"href":"https:\/\/www.aterno.be\/fr\/wp-json\/wp\/v2\/users\/2"}],"replies":[{"embeddable":true,"href":"https:\/\/www.aterno.be\/fr\/wp-json\/wp\/v2\/comments?post=2322"}],"version-history":[{"count":44,"href":"https:\/\/www.aterno.be\/fr\/wp-json\/wp\/v2\/pages\/2322\/revisions"}],"predecessor-version":[{"id":3424,"href":"https:\/\/www.aterno.be\/fr\/wp-json\/wp\/v2\/pages\/2322\/revisions\/3424"}],"wp:featuredmedia":[{"embeddable":true,"href":"https:\/\/www.aterno.be\/fr\/wp-json\/wp\/v2\/media\/2323"}],"wp:attachment":[{"href":"https:\/\/www.aterno.be\/fr\/wp-json\/wp\/v2\/media?parent=2322"}],"curies":[{"name":"wp","href":"https:\/\/api.w.org\/{rel}","templated":true}]}}