{"id":1398,"date":"2022-05-20T17:22:58","date_gmt":"2022-05-20T15:22:58","guid":{"rendered":"https:\/\/www.aterno.be\/?page_id=1398"},"modified":"2025-01-14T10:47:48","modified_gmt":"2025-01-14T09:47:48","slug":"radiateurs-electriques-pour-toutes-les-pieces","status":"publish","type":"page","link":"https:\/\/www.aterno.be\/fr\/radiateurs-electriques-pour-toutes-les-pieces\/","title":{"rendered":"Nos radiateurs \u00e9lectriques pour toutes les pi\u00e8ces"},"content":{"rendered":"","protected":false},"excerpt":{"rendered":"","protected":false},"author":1,"featured_media":2240,"parent":0,"menu_order":0,"comment_status":"closed","ping_status":"closed","template":"","meta":{"_acf_changed":false,"footnotes":""},"class_list":["post-1398","page","type-page","status-publish","has-post-thumbnail","hentry"],"acf":[],"yoast_head":"<!-- This site is optimized with the Yoast SEO plugin v26.9 - https:\/\/yoast.com\/product\/yoast-seo-wordpress\/ -->\n<title>Nos radiateurs \u00e9lectriques pour toutes les pi\u00e8ces | Aterno<\/title>\n<meta name=\"description\" content=\"Le radiateur \u00e9lectrique Aterno se d\u00e9cline dans de nombreuses formes et puissances pour s\u2019adapter aux sp\u00e9cifi\u00e9s de chaque pi\u00e8ce.\" \/>\n<meta name=\"robots\" content=\"index, follow, max-snippet:-1, max-image-preview:large, max-video-preview:-1\" \/>\n<link rel=\"canonical\" href=\"https:\/\/www.aterno.be\/fr\/radiateurs-electriques-pour-toutes-les-pieces\/\" \/>\n<meta property=\"og:type\" content=\"article\" \/>\n<meta property=\"og:title\" content=\"Nos radiateurs \u00e9lectriques pour toutes les pi\u00e8ces | Aterno\" \/>\n<meta property=\"og:description\" content=\"Le radiateur \u00e9lectrique Aterno se d\u00e9cline dans de nombreuses formes et puissances pour s\u2019adapter aux sp\u00e9cifi\u00e9s de chaque pi\u00e8ce.\" \/>\n<meta property=\"og:url\" content=\"https:\/\/www.aterno.be\/fr\/radiateurs-electriques-pour-toutes-les-pieces\/\" \/>\n<meta property=\"og:site_name\" content=\"Aterno\" \/>\n<meta property=\"article:publisher\" content=\"https:\/\/www.facebook.com\/aterno.belgium\/\" \/>\n<meta property=\"article:modified_time\" content=\"2025-01-14T09:47:48+00:00\" \/>\n<meta property=\"og:image\" content=\"https:\/\/www.aterno.be\/app\/uploads\/2022\/06\/radiateur-electrique-pour-chaque-piece.jpg\" \/>\n\t<meta property=\"og:image:width\" content=\"720\" \/>\n\t<meta property=\"og:image:height\" content=\"617\" \/>\n\t<meta property=\"og:image:type\" content=\"image\/jpeg\" \/>\n<meta name=\"twitter:card\" content=\"summary_large_image\" \/>\n<script type=\"application\/ld+json\" class=\"yoast-schema-graph\">{\"@context\":\"https:\/\/schema.org\",\"@graph\":[{\"@type\":\"Article\",\"@id\":\"https:\/\/www.aterno.be\/fr\/radiateurs-electriques-pour-toutes-les-pieces\/#article\",\"isPartOf\":{\"@id\":\"https:\/\/www.aterno.be\/fr\/radiateurs-electriques-pour-toutes-les-pieces\/\"},\"author\":{\"name\":\"eteamsys_dev\",\"@id\":\"https:\/\/www.aterno.be\/nl\/#\/schema\/person\/dfb7a6d5b964ba613adc608c93062f71\"},\"headline\":\"Nos radiateurs \u00e9lectriques pour toutes les pi\u00e8ces\",\"datePublished\":\"2022-05-20T15:22:58+00:00\",\"dateModified\":\"2025-01-14T09:47:48+00:00\",\"mainEntityOfPage\":{\"@id\":\"https:\/\/www.aterno.be\/fr\/radiateurs-electriques-pour-toutes-les-pieces\/\"},\"wordCount\":8,\"publisher\":{\"@id\":\"https:\/\/www.aterno.be\/nl\/#organization\"},\"image\":{\"@id\":\"https:\/\/www.aterno.be\/fr\/radiateurs-electriques-pour-toutes-les-pieces\/#primaryimage\"},\"thumbnailUrl\":\"https:\/\/www.aterno.be\/app\/uploads\/2022\/06\/radiateur-electrique-pour-chaque-piece.jpg\",\"inLanguage\":\"fr-BE\"},{\"@type\":\"WebPage\",\"@id\":\"https:\/\/www.aterno.be\/fr\/radiateurs-electriques-pour-toutes-les-pieces\/\",\"url\":\"https:\/\/www.aterno.be\/fr\/radiateurs-electriques-pour-toutes-les-pieces\/\",\"name\":\"Nos radiateurs \u00e9lectriques pour toutes les pi\u00e8ces | Aterno\",\"isPartOf\":{\"@id\":\"https:\/\/www.aterno.be\/nl\/#website\"},\"primaryImageOfPage\":{\"@id\":\"https:\/\/www.aterno.be\/fr\/radiateurs-electriques-pour-toutes-les-pieces\/#primaryimage\"},\"image\":{\"@id\":\"https:\/\/www.aterno.be\/fr\/radiateurs-electriques-pour-toutes-les-pieces\/#primaryimage\"},\"thumbnailUrl\":\"https:\/\/www.aterno.be\/app\/uploads\/2022\/06\/radiateur-electrique-pour-chaque-piece.jpg\",\"datePublished\":\"2022-05-20T15:22:58+00:00\",\"dateModified\":\"2025-01-14T09:47:48+00:00\",\"description\":\"Le radiateur \u00e9lectrique Aterno se d\u00e9cline dans de nombreuses formes et puissances pour s\u2019adapter aux sp\u00e9cifi\u00e9s de chaque pi\u00e8ce.\",\"breadcrumb\":{\"@id\":\"https:\/\/www.aterno.be\/fr\/radiateurs-electriques-pour-toutes-les-pieces\/#breadcrumb\"},\"inLanguage\":\"fr-BE\",\"potentialAction\":[{\"@type\":\"ReadAction\",\"target\":[\"https:\/\/www.aterno.be\/fr\/radiateurs-electriques-pour-toutes-les-pieces\/\"]}]},{\"@type\":\"ImageObject\",\"inLanguage\":\"fr-BE\",\"@id\":\"https:\/\/www.aterno.be\/fr\/radiateurs-electriques-pour-toutes-les-pieces\/#primaryimage\",\"url\":\"https:\/\/www.aterno.be\/app\/uploads\/2022\/06\/radiateur-electrique-pour-chaque-piece.jpg\",\"contentUrl\":\"https:\/\/www.aterno.be\/app\/uploads\/2022\/06\/radiateur-electrique-pour-chaque-piece.jpg\",\"width\":720,\"height\":617,\"caption\":\"radiateur electrique pour chaque piece\"},{\"@type\":\"BreadcrumbList\",\"@id\":\"https:\/\/www.aterno.be\/fr\/radiateurs-electriques-pour-toutes-les-pieces\/#breadcrumb\",\"itemListElement\":[{\"@type\":\"ListItem\",\"position\":1,\"name\":\"Home\",\"item\":\"https:\/\/www.aterno.be\/fr\/\"},{\"@type\":\"ListItem\",\"position\":2,\"name\":\"Nos radiateurs \u00e9lectriques pour toutes les pi\u00e8ces\"}]},{\"@type\":\"WebSite\",\"@id\":\"https:\/\/www.aterno.be\/nl\/#website\",\"url\":\"https:\/\/www.aterno.be\/nl\/\",\"name\":\"Aterno Belgium\",\"description\":\"\",\"publisher\":{\"@id\":\"https:\/\/www.aterno.be\/nl\/#organization\"},\"alternateName\":\"Aterno\",\"potentialAction\":[{\"@type\":\"SearchAction\",\"target\":{\"@type\":\"EntryPoint\",\"urlTemplate\":\"https:\/\/www.aterno.be\/nl\/?s={search_term_string}\"},\"query-input\":{\"@type\":\"PropertyValueSpecification\",\"valueRequired\":true,\"valueName\":\"search_term_string\"}}],\"inLanguage\":\"fr-BE\"},{\"@type\":\"Organization\",\"@id\":\"https:\/\/www.aterno.be\/nl\/#organization\",\"name\":\"Aterno Belgium\",\"alternateName\":\"Aterno\",\"url\":\"https:\/\/www.aterno.be\/nl\/\",\"logo\":{\"@type\":\"ImageObject\",\"inLanguage\":\"fr-BE\",\"@id\":\"https:\/\/www.aterno.be\/nl\/#\/schema\/logo\/image\/\",\"url\":\"https:\/\/www.aterno.be\/app\/uploads\/2022\/06\/logo-aterno-2.png\",\"contentUrl\":\"https:\/\/www.aterno.be\/app\/uploads\/2022\/06\/logo-aterno-2.png\",\"width\":246,\"height\":246,\"caption\":\"Aterno Belgium\"},\"image\":{\"@id\":\"https:\/\/www.aterno.be\/nl\/#\/schema\/logo\/image\/\"},\"sameAs\":[\"https:\/\/www.facebook.com\/aterno.belgium\/\",\"https:\/\/www.linkedin.com\/company\/aterno\/\"]},{\"@type\":\"Person\",\"@id\":\"https:\/\/www.aterno.be\/nl\/#\/schema\/person\/dfb7a6d5b964ba613adc608c93062f71\",\"name\":\"eteamsys_dev\",\"image\":{\"@type\":\"ImageObject\",\"inLanguage\":\"fr-BE\",\"@id\":\"https:\/\/www.aterno.be\/nl\/#\/schema\/person\/image\/\",\"url\":\"https:\/\/secure.gravatar.com\/avatar\/e7d4d54ae47d78edd21c6598d830f4be79d8849d82fcae71c075fc2ee4fa7bd3?s=96&d=mm&r=g\",\"contentUrl\":\"https:\/\/secure.gravatar.com\/avatar\/e7d4d54ae47d78edd21c6598d830f4be79d8849d82fcae71c075fc2ee4fa7bd3?s=96&d=mm&r=g\",\"caption\":\"eteamsys_dev\"},\"sameAs\":[\"https:\/\/www.aterno.be\/wp\"]}]}<\/script>\n<!-- \/ Yoast SEO plugin. -->","yoast_head_json":{"title":"Nos radiateurs \u00e9lectriques pour toutes les pi\u00e8ces | Aterno","description":"Le radiateur \u00e9lectrique Aterno se d\u00e9cline dans de nombreuses formes et puissances pour s\u2019adapter aux sp\u00e9cifi\u00e9s de chaque pi\u00e8ce.","robots":{"index":"index","follow":"follow","max-snippet":"max-snippet:-1","max-image-preview":"max-image-preview:large","max-video-preview":"max-video-preview:-1"},"canonical":"https:\/\/www.aterno.be\/fr\/radiateurs-electriques-pour-toutes-les-pieces\/","og_type":"article","og_title":"Nos radiateurs \u00e9lectriques pour toutes les pi\u00e8ces | Aterno","og_description":"Le radiateur \u00e9lectrique Aterno se d\u00e9cline dans de nombreuses formes et puissances pour s\u2019adapter aux sp\u00e9cifi\u00e9s de chaque pi\u00e8ce.","og_url":"https:\/\/www.aterno.be\/fr\/radiateurs-electriques-pour-toutes-les-pieces\/","og_site_name":"Aterno","article_publisher":"https:\/\/www.facebook.com\/aterno.belgium\/","article_modified_time":"2025-01-14T09:47:48+00:00","og_image":[{"width":720,"height":617,"url":"https:\/\/www.aterno.be\/app\/uploads\/2022\/06\/radiateur-electrique-pour-chaque-piece.jpg","type":"image\/jpeg"}],"twitter_card":"summary_large_image","schema":{"@context":"https:\/\/schema.org","@graph":[{"@type":"Article","@id":"https:\/\/www.aterno.be\/fr\/radiateurs-electriques-pour-toutes-les-pieces\/#article","isPartOf":{"@id":"https:\/\/www.aterno.be\/fr\/radiateurs-electriques-pour-toutes-les-pieces\/"},"author":{"name":"eteamsys_dev","@id":"https:\/\/www.aterno.be\/nl\/#\/schema\/person\/dfb7a6d5b964ba613adc608c93062f71"},"headline":"Nos radiateurs \u00e9lectriques pour toutes les pi\u00e8ces","datePublished":"2022-05-20T15:22:58+00:00","dateModified":"2025-01-14T09:47:48+00:00","mainEntityOfPage":{"@id":"https:\/\/www.aterno.be\/fr\/radiateurs-electriques-pour-toutes-les-pieces\/"},"wordCount":8,"publisher":{"@id":"https:\/\/www.aterno.be\/nl\/#organization"},"image":{"@id":"https:\/\/www.aterno.be\/fr\/radiateurs-electriques-pour-toutes-les-pieces\/#primaryimage"},"thumbnailUrl":"https:\/\/www.aterno.be\/app\/uploads\/2022\/06\/radiateur-electrique-pour-chaque-piece.jpg","inLanguage":"fr-BE"},{"@type":"WebPage","@id":"https:\/\/www.aterno.be\/fr\/radiateurs-electriques-pour-toutes-les-pieces\/","url":"https:\/\/www.aterno.be\/fr\/radiateurs-electriques-pour-toutes-les-pieces\/","name":"Nos radiateurs \u00e9lectriques pour toutes les pi\u00e8ces | Aterno","isPartOf":{"@id":"https:\/\/www.aterno.be\/nl\/#website"},"primaryImageOfPage":{"@id":"https:\/\/www.aterno.be\/fr\/radiateurs-electriques-pour-toutes-les-pieces\/#primaryimage"},"image":{"@id":"https:\/\/www.aterno.be\/fr\/radiateurs-electriques-pour-toutes-les-pieces\/#primaryimage"},"thumbnailUrl":"https:\/\/www.aterno.be\/app\/uploads\/2022\/06\/radiateur-electrique-pour-chaque-piece.jpg","datePublished":"2022-05-20T15:22:58+00:00","dateModified":"2025-01-14T09:47:48+00:00","description":"Le radiateur \u00e9lectrique Aterno se d\u00e9cline dans de nombreuses formes et puissances pour s\u2019adapter aux sp\u00e9cifi\u00e9s de chaque pi\u00e8ce.","breadcrumb":{"@id":"https:\/\/www.aterno.be\/fr\/radiateurs-electriques-pour-toutes-les-pieces\/#breadcrumb"},"inLanguage":"fr-BE","potentialAction":[{"@type":"ReadAction","target":["https:\/\/www.aterno.be\/fr\/radiateurs-electriques-pour-toutes-les-pieces\/"]}]},{"@type":"ImageObject","inLanguage":"fr-BE","@id":"https:\/\/www.aterno.be\/fr\/radiateurs-electriques-pour-toutes-les-pieces\/#primaryimage","url":"https:\/\/www.aterno.be\/app\/uploads\/2022\/06\/radiateur-electrique-pour-chaque-piece.jpg","contentUrl":"https:\/\/www.aterno.be\/app\/uploads\/2022\/06\/radiateur-electrique-pour-chaque-piece.jpg","width":720,"height":617,"caption":"radiateur electrique pour chaque piece"},{"@type":"BreadcrumbList","@id":"https:\/\/www.aterno.be\/fr\/radiateurs-electriques-pour-toutes-les-pieces\/#breadcrumb","itemListElement":[{"@type":"ListItem","position":1,"name":"Home","item":"https:\/\/www.aterno.be\/fr\/"},{"@type":"ListItem","position":2,"name":"Nos radiateurs \u00e9lectriques pour toutes les pi\u00e8ces"}]},{"@type":"WebSite","@id":"https:\/\/www.aterno.be\/nl\/#website","url":"https:\/\/www.aterno.be\/nl\/","name":"Aterno Belgium","description":"","publisher":{"@id":"https:\/\/www.aterno.be\/nl\/#organization"},"alternateName":"Aterno","potentialAction":[{"@type":"SearchAction","target":{"@type":"EntryPoint","urlTemplate":"https:\/\/www.aterno.be\/nl\/?s={search_term_string}"},"query-input":{"@type":"PropertyValueSpecification","valueRequired":true,"valueName":"search_term_string"}}],"inLanguage":"fr-BE"},{"@type":"Organization","@id":"https:\/\/www.aterno.be\/nl\/#organization","name":"Aterno Belgium","alternateName":"Aterno","url":"https:\/\/www.aterno.be\/nl\/","logo":{"@type":"ImageObject","inLanguage":"fr-BE","@id":"https:\/\/www.aterno.be\/nl\/#\/schema\/logo\/image\/","url":"https:\/\/www.aterno.be\/app\/uploads\/2022\/06\/logo-aterno-2.png","contentUrl":"https:\/\/www.aterno.be\/app\/uploads\/2022\/06\/logo-aterno-2.png","width":246,"height":246,"caption":"Aterno Belgium"},"image":{"@id":"https:\/\/www.aterno.be\/nl\/#\/schema\/logo\/image\/"},"sameAs":["https:\/\/www.facebook.com\/aterno.belgium\/","https:\/\/www.linkedin.com\/company\/aterno\/"]},{"@type":"Person","@id":"https:\/\/www.aterno.be\/nl\/#\/schema\/person\/dfb7a6d5b964ba613adc608c93062f71","name":"eteamsys_dev","image":{"@type":"ImageObject","inLanguage":"fr-BE","@id":"https:\/\/www.aterno.be\/nl\/#\/schema\/person\/image\/","url":"https:\/\/secure.gravatar.com\/avatar\/e7d4d54ae47d78edd21c6598d830f4be79d8849d82fcae71c075fc2ee4fa7bd3?s=96&d=mm&r=g","contentUrl":"https:\/\/secure.gravatar.com\/avatar\/e7d4d54ae47d78edd21c6598d830f4be79d8849d82fcae71c075fc2ee4fa7bd3?s=96&d=mm&r=g","caption":"eteamsys_dev"},"sameAs":["https:\/\/www.aterno.be\/wp"]}]}},"_links":{"self":[{"href":"https:\/\/www.aterno.be\/fr\/wp-json\/wp\/v2\/pages\/1398","targetHints":{"allow":["GET"]}}],"collection":[{"href":"https:\/\/www.aterno.be\/fr\/wp-json\/wp\/v2\/pages"}],"about":[{"href":"https:\/\/www.aterno.be\/fr\/wp-json\/wp\/v2\/types\/page"}],"author":[{"embeddable":true,"href":"https:\/\/www.aterno.be\/fr\/wp-json\/wp\/v2\/users\/1"}],"replies":[{"embeddable":true,"href":"https:\/\/www.aterno.be\/fr\/wp-json\/wp\/v2\/comments?post=1398"}],"version-history":[{"count":53,"href":"https:\/\/www.aterno.be\/fr\/wp-json\/wp\/v2\/pages\/1398\/revisions"}],"predecessor-version":[{"id":3935,"href":"https:\/\/www.aterno.be\/fr\/wp-json\/wp\/v2\/pages\/1398\/revisions\/3935"}],"wp:featuredmedia":[{"embeddable":true,"href":"https:\/\/www.aterno.be\/fr\/wp-json\/wp\/v2\/media\/2240"}],"wp:attachment":[{"href":"https:\/\/www.aterno.be\/fr\/wp-json\/wp\/v2\/media?parent=1398"}],"curies":[{"name":"wp","href":"https:\/\/api.w.org\/{rel}","templated":true}]}}